{"id":12530,"date":"2026-04-08T15:02:54","date_gmt":"2026-04-08T13:02:54","guid":{"rendered":"http:\/\/mcpluginstore.de\/?post_type=product&#038;p=12530"},"modified":"2026-04-08T15:14:37","modified_gmt":"2026-04-08T13:14:37","slug":"clearchat","status":"publish","type":"product","link":"https:\/\/mcpluginstore.de\/index.php\/product\/clearchat\/","title":{"rendered":"ClearChat"},"content":{"rendered":"<h1 data-section-id=\"233qy6\" data-start=\"309\" data-end=\"378\"><span role=\"text\"><strong data-start=\"311\" data-end=\"378\">ClearChat \u2013 Das ultimative Chat-Management Plugin f\u00fcr Minecraft<\/strong><\/span><\/h1>\n<p data-start=\"380\" data-end=\"750\">M\u00f6chtest du die Chat-Erfahrung auf deinem Server auf das n\u00e4chste Level bringen?<br data-start=\"459\" data-end=\"462\" \/>Mit <strong data-start=\"466\" data-end=\"479\">ClearChat<\/strong> hast du ein m\u00e4chtiges, leicht zu bedienendes Plugin, das dir volle Kontrolle \u00fcber den Spielchat gibt. Egal, ob du einen gro\u00dfen \u00f6ffentlichen Server, ein Minigame-Netzwerk oder einen privaten Server betreibst \u2013 ClearChat macht deinen Chat sauber, \u00fcbersichtlich und sicher.<\/p>\n<hr data-start=\"752\" data-end=\"755\" \/>\n<h2 data-section-id=\"stnf46\" data-start=\"757\" data-end=\"780\"><span role=\"text\"><strong data-start=\"760\" data-end=\"780\">Hauptfunktionen:<\/strong><\/span><\/h2>\n<h3 data-section-id=\"z8v7gq\" data-start=\"782\" data-end=\"803\"><span role=\"text\">\ud83d\udd39 <strong data-start=\"789\" data-end=\"803\">\/clearchat<\/strong><\/span><\/h3>\n<p data-start=\"804\" data-end=\"1050\">Leere den Chat f\u00fcr alle Spieler im Handumdrehen.<br data-start=\"852\" data-end=\"855\" \/>Mit nur einem Befehl werden die Nachrichten aller Spieler entfernt \u2013 perfekt, um Spam, Capslock oder unn\u00f6tige Nachrichten zu beseitigen. Spieler mit der Bypass-Permission bleiben davon unber\u00fchrt.<\/p>\n<h3 data-section-id=\"1kbtocd\" data-start=\"1052\" data-end=\"1083\"><span role=\"text\">\ud83d\udd39 <strong data-start=\"1059\" data-end=\"1083\">\/cc (Clear Own Chat)<\/strong><\/span><\/h3>\n<p data-start=\"1084\" data-end=\"1257\">Manchmal m\u00f6chte man einfach nur seinen eigenen Chat aufr\u00e4umen, ohne andere Spieler zu st\u00f6ren. <code data-start=\"1178\" data-end=\"1183\">\/cc<\/code> l\u00f6scht nur den pers\u00f6nlichen Chat des Spielers und sorgt so f\u00fcr \u00dcbersicht.<\/p>\n<h3 data-section-id=\"1ipn97e\" data-start=\"1259\" data-end=\"1280\"><span role=\"text\">\ud83d\udd39 <strong data-start=\"1266\" data-end=\"1280\">\/chatblock<\/strong><\/span><\/h3>\n<p data-start=\"1281\" data-end=\"1523\">Kontrolliere, wer gerade im Chat schreiben darf. Mit <code data-start=\"1334\" data-end=\"1346\">\/chatblock<\/code> kannst du den Chat f\u00fcr alle blockieren und wieder freigeben. Spieler mit der entsprechenden Bypass-Permission k\u00f6nnen trotzdem schreiben \u2013 perfekt f\u00fcr Events oder Ank\u00fcndigungen.<\/p>\n<h3 data-section-id=\"19tzljq\" data-start=\"1525\" data-end=\"1551\"><span role=\"text\">\ud83d\udd39 <strong data-start=\"1532\" data-end=\"1551\">Command-Blocker<\/strong><\/span><\/h3>\n<p data-start=\"1552\" data-end=\"1755\">Wenn der Chat deaktiviert ist, verhindert ClearChat, dass bestimmte Befehle ausgef\u00fchrt werden, die sonst Spam oder Chaos verursachen k\u00f6nnten. Alles l\u00e4sst sich individuell in der Konfiguration einstellen.<\/p>\n<h3 data-section-id=\"1cuta44\" data-start=\"1757\" data-end=\"1790\"><span role=\"text\">\ud83d\udd39 <strong data-start=\"1764\" data-end=\"1790\">\/adminclearchat reload<\/strong><\/span><\/h3>\n<p data-start=\"1791\" data-end=\"1978\">Verwalte und aktualisiere dein Plugin im laufenden Betrieb! Mit <code data-start=\"1855\" data-end=\"1879\">\/adminclearchat reload<\/code> kannst du alle Konfigurationen und Sprachdateien neu laden, ohne den Server neu starten zu m\u00fcssen.<\/p>\n<h3 data-section-id=\"1glni7q\" data-start=\"1980\" data-end=\"2007\"><span role=\"text\">\ud83d\udd39 <strong data-start=\"1987\" data-end=\"2007\">Mehrsprachigkeit<\/strong><\/span><\/h3>\n<p data-start=\"2008\" data-end=\"2199\">ClearChat unterst\u00fctzt Deutsch, Englisch und Russisch. Alle Nachrichten sind komplett \u00fcbersetzbar und lassen sich einfach \u00fcber die Lang-YML-Dateien anpassen. Perfekt f\u00fcr internationale Server.<\/p>\n<h3 data-section-id=\"88pfox\" data-start=\"2201\" data-end=\"2237\"><span role=\"text\">\ud83d\udd39 <strong data-start=\"2208\" data-end=\"2237\">Farbcodes &amp; Anpassbarkeit<\/strong><\/span><\/h3>\n<p data-start=\"2238\" data-end=\"2466\">Alle Nachrichten unterst\u00fctzen <code data-start=\"2268\" data-end=\"2271\">&amp;<\/code>-Farbcodes. Passe jede Nachricht, jeden Hinweis oder jede Meldung individuell an dein Serverdesign an \u2013 von Farben \u00fcber Formatierungen bis zu benutzerdefinierten Platzhaltern wie <code data-start=\"2450\" data-end=\"2465\">%player_name%<\/code>.<\/p>\n<hr data-start=\"2468\" data-end=\"2471\" \/>\n<h2 data-section-id=\"bj2su9\" data-start=\"2473\" data-end=\"2496\"><span role=\"text\"><strong data-start=\"2476\" data-end=\"2496\">Warum ClearChat?<\/strong><\/span><\/h2>\n<ul data-start=\"2498\" data-end=\"2960\">\n<li data-section-id=\"5chy4z\" data-start=\"2498\" data-end=\"2607\"><strong data-start=\"2500\" data-end=\"2524\">Einfach zu benutzen:<\/strong> Kein kompliziertes Setup \u2013 Plugin installieren, Permissions setzen und loslegen.<\/li>\n<li data-section-id=\"eot595\" data-start=\"2608\" data-end=\"2724\"><strong data-start=\"2610\" data-end=\"2635\">Flexibel &amp; anpassbar:<\/strong> Sprachdateien, Befehle, Blockierte Commands \u2013 alles l\u00e4sst sich individuell einstellen.<\/li>\n<li data-section-id=\"1etaq8w\" data-start=\"2725\" data-end=\"2855\"><strong data-start=\"2727\" data-end=\"2764\">Optimiert f\u00fcr Server jeder Gr\u00f6\u00dfe:<\/strong> Funktioniert reibungslos auf kleinen privaten Servern genauso wie auf gro\u00dfen Netzwerken.<\/li>\n<li data-section-id=\"j75l30\" data-start=\"2856\" data-end=\"2960\"><strong data-start=\"2858\" data-end=\"2898\">Professionell &amp; sauber programmiert:<\/strong> Sauberes System, saubere Klassenstruktur, einfache Wartung.<\/li>\n<\/ul>\n<hr data-start=\"2962\" data-end=\"2965\" \/>\n<h3 data-section-id=\"qpbxk8\" data-start=\"2967\" data-end=\"2997\"><span role=\"text\"><strong data-start=\"2971\" data-end=\"2997\">Permissions \u00dcbersicht:<\/strong><\/span><\/h3>\n<ul data-start=\"2999\" data-end=\"3366\">\n<li data-section-id=\"v2i3g6\" data-start=\"2999\" data-end=\"3056\"><code data-start=\"3001\" data-end=\"3022\">clearchat.clear.use<\/code> \u2013 <code data-start=\"3025\" data-end=\"3037\">\/clearchat<\/code> f\u00fcr alle Spieler<\/li>\n<li data-section-id=\"10o9zn0\" data-start=\"3057\" data-end=\"3133\"><code data-start=\"3059\" data-end=\"3083\">clearchat.clear.bypass<\/code> \u2013 Spieler, die vom ClearChat ausgenommen werden<\/li>\n<li data-section-id=\"z9ewf6\" data-start=\"3134\" data-end=\"3192\"><code data-start=\"3136\" data-end=\"3157\">clearchat.clear.own<\/code> \u2013 <code data-start=\"3160\" data-end=\"3165\">\/cc<\/code> zum eigenen Chat l\u00f6schen<\/li>\n<li data-section-id=\"1funaxu\" data-start=\"3193\" data-end=\"3247\"><code data-start=\"3195\" data-end=\"3220\">clearchat.chatblock.use<\/code> \u2013 <code data-start=\"3223\" data-end=\"3235\">\/chatblock<\/code> verwenden<\/li>\n<li data-section-id=\"q82he7\" data-start=\"3248\" data-end=\"3300\"><code data-start=\"3250\" data-end=\"3278\">clearchat.chatblock.bypass<\/code> \u2013 Chatblock umgehen<\/li>\n<li data-section-id=\"1dni37q\" data-start=\"3301\" data-end=\"3366\"><code data-start=\"3303\" data-end=\"3327\">clearchat.reload.admin<\/code> \u2013 <code data-start=\"3330\" data-end=\"3354\">\/adminclearchat reload<\/code> verwenden<\/li>\n<\/ul>\n<hr data-start=\"3368\" data-end=\"3371\" \/>\n<p data-start=\"3373\" data-end=\"3593\">ClearChat ist <strong data-start=\"3387\" data-end=\"3410\">die perfekte L\u00f6sung<\/strong>, um deinen Server-Chat sauber, organisiert und professionell zu halten. Egal ob Event, Minigame oder Survival \u2013 mit ClearChat beh\u00e4ltst du jederzeit die volle Kontrolle \u00fcber den Chat.<\/p>\n","protected":false},"excerpt":{"rendered":"<p>ClearChat \u2013 Das ultimative Chat-Management Plugin f\u00fcr Minecraft M\u00f6chtest du die Chat-Erfahrung auf deinem Server auf das n\u00e4chste Level bringen?Mit ClearChat hast du ein m\u00e4chtiges, leicht zu bedienendes Plugin, das dir volle Kontrolle \u00fcber den Spielchat gibt. Egal, ob du einen gro\u00dfen \u00f6ffentlichen Server, ein Minigame-Netzwerk oder einen privaten Server betreibst \u2013 ClearChat macht deinen [&hellip;]<\/p>\n","protected":false},"featured_media":12531,"comment_status":"open","ping_status":"closed","template":"","meta":[],"product_brand":[],"product_cat":[125],"product_tag":[],"class_list":{"0":"post-12530","1":"product","2":"type-product","3":"status-publish","4":"has-post-thumbnail","6":"product_cat-paper","8":"first","9":"instock","10":"downloadable","11":"virtual","12":"purchasable","13":"product-type-simple"},"jetpack_sharing_enabled":true,"_links":{"self":[{"href":"https:\/\/mcpluginstore.de\/index.php\/wp-json\/wp\/v2\/product\/12530","targetHints":{"allow":["GET"]}}],"collection":[{"href":"https:\/\/mcpluginstore.de\/index.php\/wp-json\/wp\/v2\/product"}],"about":[{"href":"https:\/\/mcpluginstore.de\/index.php\/wp-json\/wp\/v2\/types\/product"}],"replies":[{"embeddable":true,"href":"https:\/\/mcpluginstore.de\/index.php\/wp-json\/wp\/v2\/comments?post=12530"}],"wp:featuredmedia":[{"embeddable":true,"href":"https:\/\/mcpluginstore.de\/index.php\/wp-json\/wp\/v2\/media\/12531"}],"wp:attachment":[{"href":"https:\/\/mcpluginstore.de\/index.php\/wp-json\/wp\/v2\/media?parent=12530"}],"wp:term":[{"taxonomy":"product_brand","embeddable":true,"href":"https:\/\/mcpluginstore.de\/index.php\/wp-json\/wp\/v2\/product_brand?post=12530"},{"taxonomy":"product_cat","embeddable":true,"href":"https:\/\/mcpluginstore.de\/index.php\/wp-json\/wp\/v2\/product_cat?post=12530"},{"taxonomy":"product_tag","embeddable":true,"href":"https:\/\/mcpluginstore.de\/index.php\/wp-json\/wp\/v2\/product_tag?post=12530"}],"curies":[{"name":"wp","href":"https:\/\/api.w.org\/{rel}","templated":true}]}}